{"id":13,"date":"2016-03-14T20:29:24","date_gmt":"2016-03-14T19:29:24","guid":{"rendered":"http:\/\/www.strechyvajsar.cz\/?page_id=13"},"modified":"2016-03-14T21:36:22","modified_gmt":"2016-03-14T20:36:22","slug":"13-2","status":"publish","type":"page","link":"https:\/\/strechyvajsar.cz\/","title":{"rendered":"Na\u0161e slu\u017eby"},"content":{"rendered":"<p>Zaji\u0161\u0165ujeme kompletn\u00ed klemp\u00ed\u0159sk\u00e9, pokr\u00fdva\u010dsk\u00e9 a tesa\u0159sk\u00e9 pr\u00e1ce pro rodinn\u00e9 domy a komer\u010dn\u00ed objekty.<\/p>\n<p>Rekonstrukce a opravy v\u0161ech druh\u016f krytin.<\/p>\n<hr \/>\n<p style=\"text-align: justify;\"><strong>KLEMP\u00cd\u0158SK\u00c9 PR\u00c1CE<\/strong> \u2013 zpracov\u00e1v\u00e1me materi\u00e1ly, kter\u00e9 odpov\u00eddaj\u00ed p\u0159\u00edsn\u00fdm norm\u00e1m ve stavebnictv\u00ed a maj\u00ed platn\u00e9 certifika\u010dn\u00ed doklady.<br \/>\nMateri\u00e1ly z m\u011bdi, pozinku, hlin\u00edku, titanzinku, Lindabu. Oplechov\u00e1n\u00ed v\u0161ech st\u0159e\u0161n\u00edch prostup\u016f, falcovan\u00fdch krytin. V\u00fdroba a oh\u00fdb\u00e1n\u00ed plechov\u00fdch prvk\u016f na 2m a 4m oh\u00fdba\u010dk\u00e1ch. V\u00fdroba plechov\u00fdch p\u016flkruhov\u00fdch h\u0159eben\u00e1\u010d\u016f a st\u0159e\u0161n\u00edch vik\u00fd\u0159\u016f (v\u00fdlez\u016f) \u2013 naoh\u00fdb\u00e1me plechov\u00e9 prvky dle Va\u0161eho p\u0159\u00e1n\u00ed.<\/p>\n<hr \/>\n<p style=\"text-align: justify;\"><strong>POKR\u00ddVA\u010cSK\u00c9 PR\u00c1CE<\/strong> \u2013 na z\u00e1klad\u011b dlouholet\u00fdch zku\u0161enost\u00ed prov\u00e1d\u00edme pokl\u00e1dku i opravy skoro v\u0161ech druh\u016f st\u0159e\u0161n\u00edch krytin na na\u0161em trhu. Mont\u00e1\u017ee st\u0159e\u0161n\u00edch oken, sn\u011bhov\u00fdch z\u00e1bran, v\u011btrac\u00edch \u0161ablon atd.<\/p>\n<hr \/>\n<p style=\"text-align: justify;\"><strong>TESA\u0158SK\u00c9 PR\u00c1CE<\/strong> \u2013 prov\u00e1d\u00edme mont\u00e1\u017ee i opravy v\u00e1zan\u00e9ho krovu i bedn\u011bn\u00ed, technologii vazn\u00edkov\u00fdch konstrukc\u00ed. V\u00fdrobu pergol a p\u0159\u00edst\u0159e\u0161k\u016f. Opravu i v\u00fdrobu d\u0159ev\u011bn\u00fdch (palubkov\u00fdch) podbit\u00ed, \u0161t\u00edtov\u00e9 d\u0159ev\u011bn\u00e9 bedn\u011bn\u00ed. \u010ci\u0161t\u011bn\u00ed a n\u00e1t\u011bry falcovan\u00fdch krytin, plechov\u00fdch prvk\u016f, d\u0159ev\u011bn\u00fdch \u010d\u00e1st\u00ed dom\u016f, pergol, gar\u00e1\u017e\u00ed atd.<\/p>\n","protected":false},"excerpt":{"rendered":"<p>Zaji\u0161\u0165ujeme kompletn\u00ed klemp\u00ed\u0159sk\u00e9, pokr\u00fdva\u010dsk\u00e9 a tesa\u0159sk\u00e9 pr\u00e1ce pro rodinn\u00e9 domy a komer\u010dn\u00ed objekty. Rekonstrukce a opravy v\u0161ech druh\u016f krytin. KLEMP\u00cd\u0158SK\u00c9 PR\u00c1CE \u2013 zpracov\u00e1v\u00e1me materi\u00e1ly, kter\u00e9 odpov\u00eddaj\u00ed p\u0159\u00edsn\u00fdm norm\u00e1m ve stavebnictv\u00ed a maj\u00ed platn\u00e9 certifika\u010dn\u00ed doklady. Materi\u00e1ly z m\u011bdi, pozinku, hlin\u00edku, titanzinku, Lindabu. Oplechov\u00e1n\u00ed v\u0161ech st\u0159e\u0161n\u00edch prostup\u016f, falcovan\u00fdch krytin. V\u00fdroba a oh\u00fdb\u00e1n\u00ed plechov\u00fdch prvk\u016f na 2m [&hellip;]<\/p>\n","protected":false},"author":1,"featured_media":0,"parent":0,"menu_order":1,"comment_status":"closed","ping_status":"closed","template":"","meta":{"footnotes":""},"class_list":["post-13","page","type-page","status-publish","hentry"],"_links":{"self":[{"href":"https:\/\/strechyvajsar.cz\/index.php?rest_route=\/wp\/v2\/pages\/13","targetHints":{"allow":["GET"]}}],"collection":[{"href":"https:\/\/strechyvajsar.cz\/index.php?rest_route=\/wp\/v2\/pages"}],"about":[{"href":"https:\/\/strechyvajsar.cz\/index.php?rest_route=\/wp\/v2\/types\/page"}],"author":[{"embeddable":true,"href":"https:\/\/strechyvajsar.cz\/index.php?rest_route=\/wp\/v2\/users\/1"}],"replies":[{"embeddable":true,"href":"https:\/\/strechyvajsar.cz\/index.php?rest_route=%2Fwp%2Fv2%2Fcomments&post=13"}],"version-history":[{"count":14,"href":"https:\/\/strechyvajsar.cz\/index.php?rest_route=\/wp\/v2\/pages\/13\/revisions"}],"predecessor-version":[{"id":37,"href":"https:\/\/strechyvajsar.cz\/index.php?rest_route=\/wp\/v2\/pages\/13\/revisions\/37"}],"wp:attachment":[{"href":"https:\/\/strechyvajsar.cz\/index.php?rest_route=%2Fwp%2Fv2%2Fmedia&parent=13"}],"curies":[{"name":"wp","href":"https:\/\/api.w.org\/{rel}","templated":true}]}}