{"id":32,"date":"2016-03-14T21:01:30","date_gmt":"2016-03-14T20:01:30","guid":{"rendered":"http:\/\/www.strechyvajsar.cz\/?page_id=32"},"modified":"2016-03-15T10:02:34","modified_gmt":"2016-03-15T09:02:34","slug":"nabizime","status":"publish","type":"page","link":"https:\/\/strechyvajsar.cz\/?page_id=32","title":{"rendered":"Nab\u00edz\u00edme"},"content":{"rendered":"<p>Profesion\u00e1ln\u00ed p\u0159\u00edstup<\/p>\n<p>Dlouholet\u00e9 zku\u0161enosti<\/p>\n<p>Poradenskou \u010dinnost<\/p>\n<p>Cenov\u00e9 rozpo\u010dty zdarma<\/p>\n","protected":false},"excerpt":{"rendered":"<p>Profesion\u00e1ln\u00ed p\u0159\u00edstup Dlouholet\u00e9 zku\u0161enosti Poradenskou \u010dinnost Cenov\u00e9 rozpo\u010dty zdarma<\/p>\n","protected":false},"author":1,"featured_media":0,"parent":0,"menu_order":0,"comment_status":"closed","ping_status":"closed","template":"","meta":{"footnotes":""},"class_list":["post-32","page","type-page","status-publish","hentry"],"_links":{"self":[{"href":"https:\/\/strechyvajsar.cz\/index.php?rest_route=\/wp\/v2\/pages\/32","targetHints":{"allow":["GET"]}}],"collection":[{"href":"https:\/\/strechyvajsar.cz\/index.php?rest_route=\/wp\/v2\/pages"}],"about":[{"href":"https:\/\/strechyvajsar.cz\/index.php?rest_route=\/wp\/v2\/types\/page"}],"author":[{"embeddable":true,"href":"https:\/\/strechyvajsar.cz\/index.php?rest_route=\/wp\/v2\/users\/1"}],"replies":[{"embeddable":true,"href":"https:\/\/strechyvajsar.cz\/index.php?rest_route=%2Fwp%2Fv2%2Fcomments&post=32"}],"version-history":[{"count":2,"href":"https:\/\/strechyvajsar.cz\/index.php?rest_route=\/wp\/v2\/pages\/32\/revisions"}],"predecessor-version":[{"id":99,"href":"https:\/\/strechyvajsar.cz\/index.php?rest_route=\/wp\/v2\/pages\/32\/revisions\/99"}],"wp:attachment":[{"href":"https:\/\/strechyvajsar.cz\/index.php?rest_route=%2Fwp%2Fv2%2Fmedia&parent=32"}],"curies":[{"name":"wp","href":"https:\/\/api.w.org\/{rel}","templated":true}]}}